{"id":4308,"date":"2016-05-27T14:51:07","date_gmt":"2016-05-27T12:51:07","guid":{"rendered":"http:\/\/tokencompany.com\/lv\/?page_id=4308"},"modified":"2016-05-27T14:51:07","modified_gmt":"2016-05-27T12:51:07","slug":"par-mums","status":"publish","type":"page","link":"https:\/\/www.tokencompany.com\/lv\/par-mums\/","title":{"rendered":"Par mums"},"content":{"rendered":"<p>Mauquoy Token Company ir Eiropas liel\u0101kais met\u0101la \u017eetonu ra\u017eot\u0101js, kas eksport\u0113 uz vair\u0101k nek\u0101 50\u00a0pasaules valst\u012bm. M\u016bsu 140\u00a0gadu ilg\u0101 pieredze un meistar\u012bba kombin\u0101cij\u0101 ar m\u0113r\u0137tiec\u012bgiem ieguld\u012bjumiem augstas kvalit\u0101tes apr\u012bkojum\u0101 un jaun\u0101s tehnolo\u0123ij\u0101s ir lab\u0101k\u0101 garantija sa\u0146emt kvalitat\u012bvu izstr\u0101d\u0101jumu ar izcilu <a href=\"http:\/\/www.thesaurus.com\/browse\/perfectness\">apdari<\/a>.<\/p>\n<p>\u0160eit J\u016bs varat apl\u016bkot, k\u0101 m\u0113s izgatavojam met\u0101la \u017eetonus<\/p>\n<p>Apsverot iesp\u0113ju ieg\u0101d\u0101ties jebk\u0101da pielietojuma \u017eetonus, m\u0113s Jums b\u016bsim pretimn\u0101ko\u0161s partneris, kas akt\u012bvi dom\u0101 l\u012bdzi. M\u016bsu ekspert\u012bze neap\u0161aub\u0101mi sniedz jaunus ieskatus un revolucion\u0101ru pieeju tam, k\u0101 \u017eetonus var izmantot J\u016bsu projekt\u0101.<\/p>\n<p>Lai sa\u0146emtu inform\u0101ciju vai konsult\u0101cijas, l\u016bdzam sazin\u0101ties ar mums, rakstot uz e-pastu, k\u0101 ar\u012b telefoniski.<\/p>\n<p><iframe loading=\"lazy\" src=\"https:\/\/www.youtube.com\/embed\/qSJGWYYRNeA\" width=\"560\" height=\"315\" frameborder=\"0\" allowfullscreen=\"allowfullscreen\"><\/iframe><\/p>\n","protected":false},"excerpt":{"rendered":"<p>Mauquoy Token Company ir Eiropas liel\u0101kais met\u0101la \u017eetonu ra\u017eot\u0101js, kas eksport\u0113 uz vair\u0101k nek\u0101 50\u00a0pasaules valst\u012bm. M\u016bsu 140\u00a0gadu ilg\u0101 pieredze un meistar\u012bba kombin\u0101cij\u0101 ar m\u0113r\u0137tiec\u012bgiem ieguld\u012bjumiem augstas kvalit\u0101tes apr\u012bkojum\u0101 un jaun\u0101s tehnolo\u0123ij\u0101s ir lab\u0101k\u0101 garantija sa\u0146emt kvalitat\u012bvu izstr\u0101d\u0101jumu ar izcilu apdari. \u0160eit J\u016bs varat apl\u016bkot, k\u0101 m\u0113s izgatavojam met\u0101la \u017eetonus Apsverot iesp\u0113ju ieg\u0101d\u0101ties jebk\u0101da pielietojuma [&hellip;]<\/p>\n","protected":false},"author":9,"featured_media":0,"parent":0,"menu_order":0,"comment_status":"closed","ping_status":"closed","template":"","meta":{"_acf_changed":false,"footnotes":""},"class_list":["post-4308","page","type-page","status-publish","hentry"],"acf":[],"yoast_head":"<!-- This site is optimized with the Yoast SEO plugin v27.3 - https:\/\/yoast.com\/product\/yoast-seo-wordpress\/ -->\n<title>Par mums - Mauquoy Token Company<\/title>\n<meta name=\"robots\" content=\"index, follow, max-snippet:-1, max-image-preview:large, max-video-preview:-1\" \/>\n<link rel=\"canonical\" href=\"https:\/\/www.tokencompany.com\/about-us\/\" \/>\n<meta name=\"twitter:label1\" content=\"Est. reading time\" \/>\n\t<meta name=\"twitter:data1\" content=\"1 min\u016b\u0161u\" \/>\n<script type=\"application\/ld+json\" class=\"yoast-schema-graph\">{\"@context\":\"https:\\\/\\\/schema.org\",\"@graph\":[{\"@type\":\"WebPage\",\"@id\":\"https:\\\/\\\/www.tokencompany.com\\\/about-us\\\/\",\"url\":\"https:\\\/\\\/www.tokencompany.com\\\/about-us\\\/\",\"name\":\"Par mums - Mauquoy Token Company\",\"isPartOf\":{\"@id\":\"https:\\\/\\\/www.tokencompany.com\\\/#website\"},\"datePublished\":\"2016-05-27T12:51:07+00:00\",\"breadcrumb\":{\"@id\":\"https:\\\/\\\/www.tokencompany.com\\\/about-us\\\/#breadcrumb\"},\"inLanguage\":\"lv-LV\",\"potentialAction\":[{\"@type\":\"ReadAction\",\"target\":[\"https:\\\/\\\/www.tokencompany.com\\\/about-us\\\/\"]}]},{\"@type\":\"BreadcrumbList\",\"@id\":\"https:\\\/\\\/www.tokencompany.com\\\/about-us\\\/#breadcrumb\",\"itemListElement\":[{\"@type\":\"ListItem\",\"position\":1,\"name\":\"Home\",\"item\":\"https:\\\/\\\/www.tokencompany.com\\\/lv\\\/\"},{\"@type\":\"ListItem\",\"position\":2,\"name\":\"Par mums\"}]},{\"@type\":\"WebSite\",\"@id\":\"https:\\\/\\\/www.tokencompany.com\\\/#website\",\"url\":\"https:\\\/\\\/www.tokencompany.com\\\/\",\"name\":\"Mauquoy Token Company\",\"description\":\"\",\"potentialAction\":[{\"@type\":\"SearchAction\",\"target\":{\"@type\":\"EntryPoint\",\"urlTemplate\":\"https:\\\/\\\/www.tokencompany.com\\\/?s={search_term_string}\"},\"query-input\":{\"@type\":\"PropertyValueSpecification\",\"valueRequired\":true,\"valueName\":\"search_term_string\"}}],\"inLanguage\":\"lv-LV\"}]}<\/script>\n<!-- \/ Yoast SEO plugin. -->","yoast_head_json":{"title":"Par mums - Mauquoy Token Company","robots":{"index":"index","follow":"follow","max-snippet":"max-snippet:-1","max-image-preview":"max-image-preview:large","max-video-preview":"max-video-preview:-1"},"canonical":"https:\/\/www.tokencompany.com\/about-us\/","twitter_misc":{"Est. reading time":"1 min\u016b\u0161u"},"schema":{"@context":"https:\/\/schema.org","@graph":[{"@type":"WebPage","@id":"https:\/\/www.tokencompany.com\/about-us\/","url":"https:\/\/www.tokencompany.com\/about-us\/","name":"Par mums - Mauquoy Token Company","isPartOf":{"@id":"https:\/\/www.tokencompany.com\/#website"},"datePublished":"2016-05-27T12:51:07+00:00","breadcrumb":{"@id":"https:\/\/www.tokencompany.com\/about-us\/#breadcrumb"},"inLanguage":"lv-LV","potentialAction":[{"@type":"ReadAction","target":["https:\/\/www.tokencompany.com\/about-us\/"]}]},{"@type":"BreadcrumbList","@id":"https:\/\/www.tokencompany.com\/about-us\/#breadcrumb","itemListElement":[{"@type":"ListItem","position":1,"name":"Home","item":"https:\/\/www.tokencompany.com\/lv\/"},{"@type":"ListItem","position":2,"name":"Par mums"}]},{"@type":"WebSite","@id":"https:\/\/www.tokencompany.com\/#website","url":"https:\/\/www.tokencompany.com\/","name":"Mauquoy Token Company","description":"","potentialAction":[{"@type":"SearchAction","target":{"@type":"EntryPoint","urlTemplate":"https:\/\/www.tokencompany.com\/?s={search_term_string}"},"query-input":{"@type":"PropertyValueSpecification","valueRequired":true,"valueName":"search_term_string"}}],"inLanguage":"lv-LV"}]}},"_links":{"self":[{"href":"https:\/\/www.tokencompany.com\/lv\/wp-json\/wp\/v2\/pages\/4308","targetHints":{"allow":["GET"]}}],"collection":[{"href":"https:\/\/www.tokencompany.com\/lv\/wp-json\/wp\/v2\/pages"}],"about":[{"href":"https:\/\/www.tokencompany.com\/lv\/wp-json\/wp\/v2\/types\/page"}],"author":[{"embeddable":true,"href":"https:\/\/www.tokencompany.com\/lv\/wp-json\/wp\/v2\/users\/9"}],"replies":[{"embeddable":true,"href":"https:\/\/www.tokencompany.com\/lv\/wp-json\/wp\/v2\/comments?post=4308"}],"version-history":[{"count":1,"href":"https:\/\/www.tokencompany.com\/lv\/wp-json\/wp\/v2\/pages\/4308\/revisions"}],"predecessor-version":[{"id":4309,"href":"https:\/\/www.tokencompany.com\/lv\/wp-json\/wp\/v2\/pages\/4308\/revisions\/4309"}],"wp:attachment":[{"href":"https:\/\/www.tokencompany.com\/lv\/wp-json\/wp\/v2\/media?parent=4308"}],"curies":[{"name":"wp","href":"https:\/\/api.w.org\/{rel}","templated":true}]}}