{"id":6933,"date":"2016-06-08T10:56:24","date_gmt":"2016-06-08T08:56:24","guid":{"rendered":"http:\/\/tokencompany.com\/hu\/?page_id=6933"},"modified":"2024-10-23T18:03:53","modified_gmt":"2024-10-23T16:03:53","slug":"mikent-lehet-rendelni","status":"publish","type":"page","link":"https:\/\/www.tokencompany.com\/hu\/mikent-lehet-rendelni\/","title":{"rendered":"Mik\u00e9nt lehet rendelni?"},"content":{"rendered":"<h4><a href=\"https:\/\/www.tokencompany.com\/hu\/kapcsolatba-lepne-veluenk\/\">L\u00e9pjen kapcsolatba vel\u00fcnk \u00e1raj\u00e1nlat\u00e9rt.<\/a><\/h4>\n<p>&nbsp;<\/p>\n<ol>\n<li><strong>K\u00e9rj\u00fck, adja meg a k\u00f6vetkez\u0151 inform\u00e1ci\u00f3kat:<\/strong><\/li>\n<\/ol>\n<ul>\n<li>Az \u00e9rme m\u00e9retei (<strong>\u00c1tm\u00e9r\u0151\/vastags\u00e1g<\/strong>); (l\u00e1sd a <a href=\"https:\/\/www.tokencompany.com\/wp-content\/uploads\/2023\/04\/MTC-Orderform-nieuw-2023-met-inches.pdf\"><u>term\u00e9kkatal\u00f3gust<\/u><\/a>)<\/li>\n<li>A k\u00edv\u00e1nt <strong>\u00f6tv\u00f6zet<\/strong>;\n<ul>\n<li>Ha egy megl\u00e9v\u0151 zsetont szeretne m\u00e1solni, k\u00e9rj\u00fck k\u00fcldj\u00f6n bel\u0151le egy mint\u00e1t post\u00e1n;<\/li>\n<\/ul>\n<\/li>\n<li>A k\u00edv\u00e1nt <strong>mennyis\u00e9g<\/strong>;<\/li>\n<li>Mindk\u00e9t oldal (az eleje \u00e9s a h\u00e1tulja) <strong>terv\u00e9t<\/strong>:\n<ul>\n<li>\u00a0<strong>Standard<\/strong><\/li>\n<li><strong>Szem\u00e9lyes\u00edtett<\/strong>: K\u00e9rj\u00fck, k\u00fcldj\u00f6n egy v\u00e1zlatot, rajzot, \u00e1llom\u00e1nyt vagy embl\u00e9m\u00e1t<\/li>\n<\/ul>\n<\/li>\n<\/ul>\n<ol start=\"2\">\n<li><strong> 2 munkanapon bel\u00fcl a k\u00f6vetkez\u0151ket kapja meg t\u0151l\u00fcnk:<\/strong><\/li>\n<\/ol>\n<ul>\n<li>Egy \u00e1raj\u00e1nlatot \u00e9s<\/li>\n<\/ul>\n<ol start=\"3\">\n<li><strong>Fizet\u00e9s:<\/strong><\/li>\n<\/ol>\n<ul>\n<li>A megrendel\u00e9st kifizetheti: <strong>banki \u00e1tutal\u00e1ssal<\/strong> vagy <strong>Paypal<\/strong>-lal;<\/li>\n<\/ul>\n<p>*Megjegyz\u00e9s: a fizet\u00e9s US doll\u00e1rban $ vagy eur\u00f3ban \u20ac t\u00f6rt\u00e9nhet.<\/p>\n<ol start=\"4\">\n<li><strong> A tervrajz j\u00f3v\u00e1hagy\u00e1sa:<\/strong><\/li>\n<\/ol>\n<ul>\n<li>egy <strong>el\u0151zetes tervrajzot j\u00f3v\u00e1hagy\u00e1s v\u00e9gett<\/strong> (vagy m\u00f3dos\u00edt\u00e1s v\u00e9gett), mindk\u00e9t oldal teljes m\u00e9retben<\/li>\n<\/ul>\n<ul>\n<li>Az \u00d6n j\u00f3v\u00e1hagy\u00e1sa ut\u00e1n (tervrajz) \u00e9s a megrendel\u00e9s meger\u0151s\u00edt\u00e9se ut\u00e1n a <strong>megrendelt t\u00e9tel gy\u00e1rt\u00e1sba megy.<\/strong><\/li>\n<li>A megrendel\u00e9s\u00e9t <strong>k\u00f6r\u00fclbel\u00fcl 3 h\u00e9t alatt teljes\u00edtj\u00fck<\/strong>.<\/li>\n<\/ul>\n<p>&nbsp;<\/p>\n<p>&nbsp;<\/p>\n<p>&nbsp;<\/p>\n<p>&nbsp;<\/p>\n<p>&nbsp;<\/p>\n<p>&nbsp;<\/p>\n<p><strong><u>Mik\u00e9nt t\u00f6rt\u00e9nik a rajz \u00e9rm\u00e9be ver\u00e9se<\/u><\/strong><strong><u>?<\/u><\/strong><\/p>\n<table>\n<tbody>\n<tr>\n<td width=\"273\">\n<ol>\n<li>L\u00c9P\u00c9S: EMBL\u00c9MA\/RAJZ\/K\u00c9P\/\u00d6TLET<\/li>\n<\/ol>\n<p>\u00d6n eljuttat hozz\u00e1nk egy embl\u00e9m\u00e1t, rajzot, vagy a tervrajzhoz sz\u00fcks\u00e9ges utas\u00edt\u00e1sokat. Ez lesz a tervrajz alapja.<\/p>\n<p>&nbsp;<\/p>\n<p><img loading=\"lazy\" decoding=\"async\" class=\"alignnone size-medium wp-image-2241\" src=\"http:\/\/tokencompany.com\/wp-content\/uploads\/2016\/05\/Stap-1-logo-foto-512x342.png\" alt=\"Stap 1 logo-foto\" width=\"512\" height=\"342\" srcset=\"https:\/\/www.tokencompany.com\/wp-content\/uploads\/2016\/05\/Stap-1-logo-foto-512x342.png 512w, https:\/\/www.tokencompany.com\/wp-content\/uploads\/2016\/05\/Stap-1-logo-foto-426x284.png 426w, https:\/\/www.tokencompany.com\/wp-content\/uploads\/2016\/05\/Stap-1-logo-foto-150x100.png 150w, https:\/\/www.tokencompany.com\/wp-content\/uploads\/2016\/05\/Stap-1-logo-foto-97x65.png 97w, https:\/\/www.tokencompany.com\/wp-content\/uploads\/2016\/05\/Stap-1-logo-foto-194x129.png 194w, https:\/\/www.tokencompany.com\/wp-content\/uploads\/2016\/05\/Stap-1-logo-foto-291x194.png 291w, https:\/\/www.tokencompany.com\/wp-content\/uploads\/2016\/05\/Stap-1-logo-foto-388x259.png 388w, https:\/\/www.tokencompany.com\/wp-content\/uploads\/2016\/05\/Stap-1-logo-foto-485x324.png 485w, https:\/\/www.tokencompany.com\/wp-content\/uploads\/2016\/05\/Stap-1-logo-foto-582x388.png 582w, https:\/\/www.tokencompany.com\/wp-content\/uploads\/2016\/05\/Stap-1-logo-foto-679x453.png 679w, https:\/\/www.tokencompany.com\/wp-content\/uploads\/2016\/05\/Stap-1-logo-foto-776x518.png 776w, https:\/\/www.tokencompany.com\/wp-content\/uploads\/2016\/05\/Stap-1-logo-foto-873x583.png 873w, https:\/\/www.tokencompany.com\/wp-content\/uploads\/2016\/05\/Stap-1-logo-foto-970x647.png 970w, https:\/\/www.tokencompany.com\/wp-content\/uploads\/2016\/05\/Stap-1-logo-foto.png 992w\" sizes=\"auto, (max-width: 512px) 100vw, 512px\" \/><\/td>\n<\/tr>\n<tr>\n<td width=\"273\">\n<ol start=\"2\">\n<li>L\u00c9P\u00c9S: EL\u0150ZETES TERVRAJZ<\/li>\n<\/ol>\n<p>A megadott inform\u00e1ci\u00f3k alapj\u00e1n k\u00e9sz\u00edt\u00fcnk egy piszkozatot. A piszkozat alapj\u00e1n k\u00e9sz\u00fcl el a technikai rajz.<\/p>\n<p>&nbsp;<\/p>\n<p><img loading=\"lazy\" decoding=\"async\" class=\"alignnone size-medium wp-image-2267\" src=\"http:\/\/tokencompany.com\/wp-content\/uploads\/2016\/05\/Stap-2-voorontwerp-512x491.png\" alt=\"Stap 2 voorontwerp\" width=\"512\" height=\"491\" srcset=\"https:\/\/www.tokencompany.com\/wp-content\/uploads\/2016\/05\/Stap-2-voorontwerp-512x491.png 512w, https:\/\/www.tokencompany.com\/wp-content\/uploads\/2016\/05\/Stap-2-voorontwerp-150x144.png 150w, https:\/\/www.tokencompany.com\/wp-content\/uploads\/2016\/05\/Stap-2-voorontwerp-97x93.png 97w, https:\/\/www.tokencompany.com\/wp-content\/uploads\/2016\/05\/Stap-2-voorontwerp-194x186.png 194w, https:\/\/www.tokencompany.com\/wp-content\/uploads\/2016\/05\/Stap-2-voorontwerp-291x279.png 291w, https:\/\/www.tokencompany.com\/wp-content\/uploads\/2016\/05\/Stap-2-voorontwerp-388x372.png 388w, https:\/\/www.tokencompany.com\/wp-content\/uploads\/2016\/05\/Stap-2-voorontwerp-485x465.png 485w, https:\/\/www.tokencompany.com\/wp-content\/uploads\/2016\/05\/Stap-2-voorontwerp-582x558.png 582w, https:\/\/www.tokencompany.com\/wp-content\/uploads\/2016\/05\/Stap-2-voorontwerp-679x651.png 679w, https:\/\/www.tokencompany.com\/wp-content\/uploads\/2016\/05\/Stap-2-voorontwerp.png 705w\" sizes=\"auto, (max-width: 512px) 100vw, 512px\" \/><\/td>\n<\/tr>\n<tr>\n<td width=\"273\">&nbsp;<\/p>\n<ol start=\"3\">\n<li>L\u00c9P\u00c9S: TECHNIKAI RAJZ<\/li>\n<\/ol>\n<p>A technikai rajz az el\u0151zetes rajz alapj\u00e1n k\u00e9sz\u00fcl. Egy k\u00e9p egyszer\u0171 lem\u00e1sol\u00e1s\u00e1b\u00f3l nem mindig lesz egy sz\u00e9p \u00e9rme. A sok\u00e9vi tapasztalatunknak k\u00f6sz\u00f6nhet\u0151en tervez\u0151ink tudj\u00e1k mik\u00e9nt lehet oly m\u00f3don kihangs\u00falyozni egy tervrajzot, hogy az az \u00e9rm\u00e9n t\u00fckr\u00f6z\u0151dj\u00f6n.<\/p>\n<p>A teljes m\u00e9ret\u0171 technikai rajzot j\u00f3v\u00e1hagy\u00e1s v\u00e9gett elk\u00fcldj\u00fck az \u00fcgyf\u00e9lnek.<\/p>\n<p><img loading=\"lazy\" decoding=\"async\" class=\"alignnone size-medium wp-image-2293\" src=\"http:\/\/tokencompany.com\/wp-content\/uploads\/2016\/05\/Stap-3-technische-tekening-512x504.png\" alt=\"Stap 3 technische tekening\" width=\"512\" height=\"504\" srcset=\"https:\/\/www.tokencompany.com\/wp-content\/uploads\/2016\/05\/Stap-3-technische-tekening-512x504.png 512w, https:\/\/www.tokencompany.com\/wp-content\/uploads\/2016\/05\/Stap-3-technische-tekening-150x148.png 150w, https:\/\/www.tokencompany.com\/wp-content\/uploads\/2016\/05\/Stap-3-technische-tekening-194x191.png 194w, https:\/\/www.tokencompany.com\/wp-content\/uploads\/2016\/05\/Stap-3-technische-tekening-291x287.png 291w, https:\/\/www.tokencompany.com\/wp-content\/uploads\/2016\/05\/Stap-3-technische-tekening-388x382.png 388w, https:\/\/www.tokencompany.com\/wp-content\/uploads\/2016\/05\/Stap-3-technische-tekening-485x478.png 485w, https:\/\/www.tokencompany.com\/wp-content\/uploads\/2016\/05\/Stap-3-technische-tekening-582x573.png 582w, https:\/\/www.tokencompany.com\/wp-content\/uploads\/2016\/05\/Stap-3-technische-tekening-679x669.png 679w, https:\/\/www.tokencompany.com\/wp-content\/uploads\/2016\/05\/Stap-3-technische-tekening.png 682w\" sizes=\"auto, (max-width: 512px) 100vw, 512px\" \/><\/p>\n<p>&nbsp;<\/td>\n<\/tr>\n<tr>\n<td width=\"273\">\n<ol start=\"4\">\n<li>L\u00c9P\u00c9S: \u00c9RMESAJTOL\u00d3<\/li>\n<\/ol>\n<p>Az \u00e9rmesajtol\u00f3 metsz\u00e9se csak az \u00d6n j\u00f3v\u00e1hagy\u00e1sa ut\u00e1n t\u00f6rt\u00e9nik. Az \u00e9rmesajtol\u00f3ra metszett k\u00e9p a technikai rajz t\u00fck\u00f6rk\u00e9pe<\/p>\n<p>&nbsp;<\/p>\n<p><img loading=\"lazy\" decoding=\"async\" class=\"alignnone size-medium wp-image-2319\" src=\"http:\/\/tokencompany.com\/wp-content\/uploads\/2016\/05\/Stap-4-matrijs-445x512.png\" alt=\"Stap 4 matrijs\" width=\"445\" height=\"512\" srcset=\"https:\/\/www.tokencompany.com\/wp-content\/uploads\/2016\/05\/Stap-4-matrijs-445x512.png 445w, https:\/\/www.tokencompany.com\/wp-content\/uploads\/2016\/05\/Stap-4-matrijs-150x173.png 150w, https:\/\/www.tokencompany.com\/wp-content\/uploads\/2016\/05\/Stap-4-matrijs-84x97.png 84w, https:\/\/www.tokencompany.com\/wp-content\/uploads\/2016\/05\/Stap-4-matrijs-169x194.png 169w, https:\/\/www.tokencompany.com\/wp-content\/uploads\/2016\/05\/Stap-4-matrijs-253x291.png 253w, https:\/\/www.tokencompany.com\/wp-content\/uploads\/2016\/05\/Stap-4-matrijs-337x388.png 337w, https:\/\/www.tokencompany.com\/wp-content\/uploads\/2016\/05\/Stap-4-matrijs-422x485.png 422w, https:\/\/www.tokencompany.com\/wp-content\/uploads\/2016\/05\/Stap-4-matrijs-506x582.png 506w, https:\/\/www.tokencompany.com\/wp-content\/uploads\/2016\/05\/Stap-4-matrijs-590x679.png 590w, https:\/\/www.tokencompany.com\/wp-content\/uploads\/2016\/05\/Stap-4-matrijs-675x776.png 675w, https:\/\/www.tokencompany.com\/wp-content\/uploads\/2016\/05\/Stap-4-matrijs.png 726w\" sizes=\"auto, (max-width: 445px) 100vw, 445px\" \/><\/p>\n<p>&nbsp;<\/p>\n<p><strong>\u00a0<\/strong><\/td>\n<\/tr>\n<tr>\n<td width=\"273\">\n<ol start=\"5\">\n<li>L\u00c9P\u00c9S: \u00c9REMVER\u00c9S<\/li>\n<\/ol>\n<p>Amint az \u00e9remsajtol\u00f3 elk\u00e9sz\u00fclt, kezd\u0151dhet az \u00e9rm\u00e9k ver\u00e9se. Az \u00e9rm\u00e9n lev\u0151 k\u00e9p t\u00f6k\u00e9letesen megfelel a technikai rajznak, amely enyh\u00e9n k\u00fcl\u00f6nb\u00f6zik az \u00fcgyf\u00e9l \u00e1ltal adott rajzt\u00f3l.<\/p>\n<p>&nbsp;<\/p>\n<p><img loading=\"lazy\" decoding=\"async\" class=\"alignnone size-medium wp-image-2345\" src=\"http:\/\/tokencompany.com\/wp-content\/uploads\/2016\/05\/Stap-5-slaan-van-de-munt-512x485.png\" alt=\"Stap 5 slaan van de munt\" width=\"512\" height=\"485\" srcset=\"https:\/\/www.tokencompany.com\/wp-content\/uploads\/2016\/05\/Stap-5-slaan-van-de-munt-512x485.png 512w, https:\/\/www.tokencompany.com\/wp-content\/uploads\/2016\/05\/Stap-5-slaan-van-de-munt-150x142.png 150w, https:\/\/www.tokencompany.com\/wp-content\/uploads\/2016\/05\/Stap-5-slaan-van-de-munt-97x92.png 97w, https:\/\/www.tokencompany.com\/wp-content\/uploads\/2016\/05\/Stap-5-slaan-van-de-munt-194x184.png 194w, https:\/\/www.tokencompany.com\/wp-content\/uploads\/2016\/05\/Stap-5-slaan-van-de-munt-291x276.png 291w, https:\/\/www.tokencompany.com\/wp-content\/uploads\/2016\/05\/Stap-5-slaan-van-de-munt-388x368.png 388w, https:\/\/www.tokencompany.com\/wp-content\/uploads\/2016\/05\/Stap-5-slaan-van-de-munt-485x459.png 485w, https:\/\/www.tokencompany.com\/wp-content\/uploads\/2016\/05\/Stap-5-slaan-van-de-munt-582x551.png 582w, https:\/\/www.tokencompany.com\/wp-content\/uploads\/2016\/05\/Stap-5-slaan-van-de-munt-679x643.png 679w, https:\/\/www.tokencompany.com\/wp-content\/uploads\/2016\/05\/Stap-5-slaan-van-de-munt.png 720w\" sizes=\"auto, (max-width: 512px) 100vw, 512px\" \/><\/p>\n<p>&nbsp;<\/td>\n<\/tr>\n<\/tbody>\n<\/table>\n<p>&nbsp;<\/p>\n<p>&nbsp;<\/p>\n<p>&nbsp;<\/p>\n<p>&nbsp;<\/p>\n","protected":false},"excerpt":{"rendered":"<p>L\u00e9pjen kapcsolatba vel\u00fcnk \u00e1raj\u00e1nlat\u00e9rt. &nbsp; K\u00e9rj\u00fck, adja meg a k\u00f6vetkez\u0151 inform\u00e1ci\u00f3kat: Az \u00e9rme m\u00e9retei (\u00c1tm\u00e9r\u0151\/vastags\u00e1g); (l\u00e1sd a term\u00e9kkatal\u00f3gust) A k\u00edv\u00e1nt \u00f6tv\u00f6zet; Ha egy megl\u00e9v\u0151 zsetont szeretne m\u00e1solni, k\u00e9rj\u00fck k\u00fcldj\u00f6n bel\u0151le egy mint\u00e1t post\u00e1n; A k\u00edv\u00e1nt mennyis\u00e9g; Mindk\u00e9t oldal (az eleje \u00e9s a h\u00e1tulja) terv\u00e9t: \u00a0Standard Szem\u00e9lyes\u00edtett: K\u00e9rj\u00fck, k\u00fcldj\u00f6n egy v\u00e1zlatot, rajzot, \u00e1llom\u00e1nyt vagy embl\u00e9m\u00e1t 2 [&hellip;]<\/p>\n","protected":false},"author":9,"featured_media":0,"parent":0,"menu_order":0,"comment_status":"closed","ping_status":"closed","template":"","meta":{"_acf_changed":false,"footnotes":""},"class_list":["post-6933","page","type-page","status-publish","hentry"],"acf":[],"yoast_head":"<!-- This site is optimized with the Yoast SEO plugin v27.3 - https:\/\/yoast.com\/product\/yoast-seo-wordpress\/ -->\n<title>Mik\u00e9nt lehet rendelni? - Mauquoy Token Company<\/title>\n<meta name=\"robots\" content=\"index, follow, max-snippet:-1, max-image-preview:large, max-video-preview:-1\" \/>\n<link rel=\"canonical\" href=\"https:\/\/www.tokencompany.com\/hu\/mikent-lehet-rendelni\/\" \/>\n<meta name=\"twitter:label1\" content=\"Becs\u00fclt olvas\u00e1si id\u0151\" \/>\n\t<meta name=\"twitter:data1\" content=\"3 perc\" \/>\n<script type=\"application\/ld+json\" class=\"yoast-schema-graph\">{\"@context\":\"https:\\\/\\\/schema.org\",\"@graph\":[{\"@type\":\"WebPage\",\"@id\":\"https:\\\/\\\/www.tokencompany.com\\\/hu\\\/mikent-lehet-rendelni\\\/\",\"url\":\"https:\\\/\\\/www.tokencompany.com\\\/hu\\\/mikent-lehet-rendelni\\\/\",\"name\":\"Mik\u00e9nt lehet rendelni? - Mauquoy Token Company\",\"isPartOf\":{\"@id\":\"https:\\\/\\\/www.tokencompany.com\\\/#website\"},\"primaryImageOfPage\":{\"@id\":\"https:\\\/\\\/www.tokencompany.com\\\/hu\\\/mikent-lehet-rendelni\\\/#primaryimage\"},\"image\":{\"@id\":\"https:\\\/\\\/www.tokencompany.com\\\/hu\\\/mikent-lehet-rendelni\\\/#primaryimage\"},\"thumbnailUrl\":\"http:\\\/\\\/tokencompany.com\\\/wp-content\\\/uploads\\\/2016\\\/05\\\/Stap-1-logo-foto-512x342.png\",\"datePublished\":\"2016-06-08T08:56:24+00:00\",\"dateModified\":\"2024-10-23T16:03:53+00:00\",\"breadcrumb\":{\"@id\":\"https:\\\/\\\/www.tokencompany.com\\\/hu\\\/mikent-lehet-rendelni\\\/#breadcrumb\"},\"inLanguage\":\"hu\",\"potentialAction\":[{\"@type\":\"ReadAction\",\"target\":[\"https:\\\/\\\/www.tokencompany.com\\\/hu\\\/mikent-lehet-rendelni\\\/\"]}]},{\"@type\":\"ImageObject\",\"inLanguage\":\"hu\",\"@id\":\"https:\\\/\\\/www.tokencompany.com\\\/hu\\\/mikent-lehet-rendelni\\\/#primaryimage\",\"url\":\"http:\\\/\\\/tokencompany.com\\\/wp-content\\\/uploads\\\/2016\\\/05\\\/Stap-1-logo-foto-512x342.png\",\"contentUrl\":\"http:\\\/\\\/tokencompany.com\\\/wp-content\\\/uploads\\\/2016\\\/05\\\/Stap-1-logo-foto-512x342.png\"},{\"@type\":\"BreadcrumbList\",\"@id\":\"https:\\\/\\\/www.tokencompany.com\\\/hu\\\/mikent-lehet-rendelni\\\/#breadcrumb\",\"itemListElement\":[{\"@type\":\"ListItem\",\"position\":1,\"name\":\"Home\",\"item\":\"https:\\\/\\\/www.tokencompany.com\\\/hu\\\/\"},{\"@type\":\"ListItem\",\"position\":2,\"name\":\"Mik\u00e9nt lehet rendelni?\"}]},{\"@type\":\"WebSite\",\"@id\":\"https:\\\/\\\/www.tokencompany.com\\\/#website\",\"url\":\"https:\\\/\\\/www.tokencompany.com\\\/\",\"name\":\"Mauquoy Token Company\",\"description\":\"\",\"potentialAction\":[{\"@type\":\"SearchAction\",\"target\":{\"@type\":\"EntryPoint\",\"urlTemplate\":\"https:\\\/\\\/www.tokencompany.com\\\/?s={search_term_string}\"},\"query-input\":{\"@type\":\"PropertyValueSpecification\",\"valueRequired\":true,\"valueName\":\"search_term_string\"}}],\"inLanguage\":\"hu\"}]}<\/script>\n<!-- \/ Yoast SEO plugin. -->","yoast_head_json":{"title":"Mik\u00e9nt lehet rendelni? - Mauquoy Token Company","robots":{"index":"index","follow":"follow","max-snippet":"max-snippet:-1","max-image-preview":"max-image-preview:large","max-video-preview":"max-video-preview:-1"},"canonical":"https:\/\/www.tokencompany.com\/hu\/mikent-lehet-rendelni\/","twitter_misc":{"Becs\u00fclt olvas\u00e1si id\u0151":"3 perc"},"schema":{"@context":"https:\/\/schema.org","@graph":[{"@type":"WebPage","@id":"https:\/\/www.tokencompany.com\/hu\/mikent-lehet-rendelni\/","url":"https:\/\/www.tokencompany.com\/hu\/mikent-lehet-rendelni\/","name":"Mik\u00e9nt lehet rendelni? - Mauquoy Token Company","isPartOf":{"@id":"https:\/\/www.tokencompany.com\/#website"},"primaryImageOfPage":{"@id":"https:\/\/www.tokencompany.com\/hu\/mikent-lehet-rendelni\/#primaryimage"},"image":{"@id":"https:\/\/www.tokencompany.com\/hu\/mikent-lehet-rendelni\/#primaryimage"},"thumbnailUrl":"http:\/\/tokencompany.com\/wp-content\/uploads\/2016\/05\/Stap-1-logo-foto-512x342.png","datePublished":"2016-06-08T08:56:24+00:00","dateModified":"2024-10-23T16:03:53+00:00","breadcrumb":{"@id":"https:\/\/www.tokencompany.com\/hu\/mikent-lehet-rendelni\/#breadcrumb"},"inLanguage":"hu","potentialAction":[{"@type":"ReadAction","target":["https:\/\/www.tokencompany.com\/hu\/mikent-lehet-rendelni\/"]}]},{"@type":"ImageObject","inLanguage":"hu","@id":"https:\/\/www.tokencompany.com\/hu\/mikent-lehet-rendelni\/#primaryimage","url":"http:\/\/tokencompany.com\/wp-content\/uploads\/2016\/05\/Stap-1-logo-foto-512x342.png","contentUrl":"http:\/\/tokencompany.com\/wp-content\/uploads\/2016\/05\/Stap-1-logo-foto-512x342.png"},{"@type":"BreadcrumbList","@id":"https:\/\/www.tokencompany.com\/hu\/mikent-lehet-rendelni\/#breadcrumb","itemListElement":[{"@type":"ListItem","position":1,"name":"Home","item":"https:\/\/www.tokencompany.com\/hu\/"},{"@type":"ListItem","position":2,"name":"Mik\u00e9nt lehet rendelni?"}]},{"@type":"WebSite","@id":"https:\/\/www.tokencompany.com\/#website","url":"https:\/\/www.tokencompany.com\/","name":"Mauquoy Token Company","description":"","potentialAction":[{"@type":"SearchAction","target":{"@type":"EntryPoint","urlTemplate":"https:\/\/www.tokencompany.com\/?s={search_term_string}"},"query-input":{"@type":"PropertyValueSpecification","valueRequired":true,"valueName":"search_term_string"}}],"inLanguage":"hu"}]}},"_links":{"self":[{"href":"https:\/\/www.tokencompany.com\/hu\/wp-json\/wp\/v2\/pages\/6933","targetHints":{"allow":["GET"]}}],"collection":[{"href":"https:\/\/www.tokencompany.com\/hu\/wp-json\/wp\/v2\/pages"}],"about":[{"href":"https:\/\/www.tokencompany.com\/hu\/wp-json\/wp\/v2\/types\/page"}],"author":[{"embeddable":true,"href":"https:\/\/www.tokencompany.com\/hu\/wp-json\/wp\/v2\/users\/9"}],"replies":[{"embeddable":true,"href":"https:\/\/www.tokencompany.com\/hu\/wp-json\/wp\/v2\/comments?post=6933"}],"version-history":[{"count":7,"href":"https:\/\/www.tokencompany.com\/hu\/wp-json\/wp\/v2\/pages\/6933\/revisions"}],"predecessor-version":[{"id":55535,"href":"https:\/\/www.tokencompany.com\/hu\/wp-json\/wp\/v2\/pages\/6933\/revisions\/55535"}],"wp:attachment":[{"href":"https:\/\/www.tokencompany.com\/hu\/wp-json\/wp\/v2\/media?parent=6933"}],"curies":[{"name":"wp","href":"https:\/\/api.w.org\/{rel}","templated":true}]}}